{"id":10,"date":"2024-03-11T12:59:29","date_gmt":"2024-03-11T11:59:29","guid":{"rendered":"http:\/\/tantra-allegria.fr\/?page_id=10"},"modified":"2026-03-28T16:54:48","modified_gmt":"2026-03-28T15:54:48","slug":"planning-des-prochaines-activites","status":"publish","type":"page","link":"https:\/\/tantra-allegria.fr\/","title":{"rendered":"Planning des activit\u00e9s"},"content":{"rendered":"\n<figure class=\"wp-block-table is-style-regular\"><table><tbody><tr><td><mark style=\"background-color:rgba(0, 0, 0, 0)\" class=\"has-inline-color has-bright-red-color\"><strong>samedi 18 et dimanche 19 avril 2026<\/strong><\/mark><\/td><\/tr><tr><td><strong>Journ\u00e9es d&#8217;initiation au tantra niveau 3 et 4<\/strong><br><strong>Du samedi 18 avril 9h30 au dimanche 19 avril 2026 de 18H30 \u00e0 Quimper<\/strong><br><a href=\"https:\/\/framaforms.org\/demande-de-formulaires-dinscription-initiation-tantra-niveau-3-et-4-du-18-au-19-avril-2026\">Demande de for<em>mulaire d&#8217;inscription<\/em><\/a><br><a href=\"https:\/\/tantra-allegria.fr\/index.php\/les-rencontres-tantra\/\">Information sur les journ\u00e9es d&#8217;initiation au tantra<\/a><\/td><\/tr><tr><td><strong><mark style=\"background-color:rgba(0, 0, 0, 0)\" class=\"has-inline-color has-bright-red-color\">Du samedi 23 au lundi 25 mai 2026<\/mark><\/strong><\/td><\/tr><tr><td><strong>Du samedi 23 mai 2026 18H au lundi 25 mai 2026 18H<\/strong> <strong>\u00e0 Quimper<\/strong> <br>Autog\u00e9r\u00e9 tantra du weekend de la Pentec\u00f4te <br><a href=\"https:\/\/tantra-allegria.fr\/index.php\/les-journees-autogeres\/\" data-type=\"page\" data-id=\"200\">Information sur les s\u00e9jours autog\u00e9r\u00e9s<\/a><br><em><a href=\"https:\/\/framaforms.org\/sejour-autogere-tantra-23-25-mai-2026-1773502525\">Formulaire d&#8217;inscription<\/a><\/em><\/td><\/tr><tr><td><mark style=\"background-color:rgba(0, 0, 0, 0)\" class=\"has-inline-color has-bright-red-color\"><strong>27 au 28 juin 2026<\/strong><\/mark><\/td><\/tr><tr><td><strong>Du samedi 27 juin 2026 18H au dimanche 28 juin 2026 18H<\/strong> <br>Autog\u00e9r\u00e9 tantra <br><a href=\"https:\/\/tantra-allegria.fr\/index.php\/les-journees-autogeres\/\" data-type=\"page\" data-id=\"200\">Information sur les s\u00e9jours autog\u00e9r\u00e9s<\/a><br><em>ces dates seront confirm\u00e9es et le formulaire d&#8217;inscription sera disponible<\/em> un mois avant<\/td><\/tr><tr><td><mark style=\"background-color:rgba(0, 0, 0, 0)\" class=\"has-inline-color has-bright-red-color\"><strong>11 au 13 d\u00e9cembre 2026<\/strong><\/mark><\/td><\/tr><tr><td><strong>Du vendredi 11 d\u00e9cembre 18H au dimanche 13 d\u00e9cembre 18H<\/strong><br>Autog\u00e9r\u00e9 annuel de l&#8217;association<br><a href=\"https:\/\/tantra-allegria.fr\/index.php\/les-journees-autogeres\/\" data-type=\"page\" data-id=\"200\">Information sur les s\u00e9jours autog\u00e9r\u00e9s<\/a><br>Cet autog\u00e9r\u00e9 aura lieu dans un gite. R\u00e9servez cette date dans vos agendas, les demandes d&#8217;inscriptions seront possibles \u00e0 partir du lundi 7 septembre. Nombre de places limit\u00e9.<\/td><\/tr><tr><td><\/td><\/tr><tr><td><mark style=\"background-color:rgba(0, 0, 0, 0)\" class=\"has-inline-color has-bright-red-color\"><strong>Activit\u00e9s ayant eu lieu r\u00e9cemment<\/strong><\/mark><\/td><\/tr><tr><td>Le dimanche 8 mars 2026 de 9H30 \u00e0 18H30 \u00e0 Quimper<br>Journ\u00e9e d&#8217;initiation au tantra niveau 2<\/td><\/tr><tr><td><mark style=\"background-color:rgba(0, 0, 0, 0)\" class=\"has-inline-color has-medium-gray-color\"><strong>Du 14 f\u00e9vrier 2026 18H au dimanche 15 f\u00e9vrier 2026 18H \u00e0 Plovan<\/strong><br>Autog\u00e9r\u00e9 tantra pour couples<\/mark><\/td><\/tr><tr><td><mark style=\"background-color:rgba(0, 0, 0, 0)\" class=\"has-inline-color has-medium-gray-color\"><strong>Le dimanche 18 janvier 2026 de 9H30 \u00e0 18H30 \u00e0 Quimper<\/strong><br>Journ\u00e9e d&#8217;initiation au tantra niveau 1<\/mark><\/td><\/tr><tr><td><mark style=\"background-color:rgba(0, 0, 0, 0)\" class=\"has-inline-color has-medium-gray-color\"><strong>Du 6 d\u00e9cembre 2025 18H au dimanche 7 d\u00e9cembre 2025 18H \u00e0 Quimper (29)<\/strong><br>Autog\u00e9r\u00e9 tantra th\u00e8me &#8220;consentement&#8221;<\/mark><\/td><\/tr><tr><td><mark style=\"background-color:rgba(0, 0, 0, 0)\" class=\"has-inline-color has-medium-gray-color\"><strong>Le dimanche 26 octobre 2025 de 9H30 \u00e0 19H \u00e0 Plovan (29)<\/strong><br>Autog\u00e9r\u00e9 tantra avanc\u00e9<\/mark><\/td><\/tr><tr><td><mark style=\"background-color:rgba(0, 0, 0, 0)\" class=\"has-inline-color has-medium-gray-color\"><strong>Du 20 septembre 2025 19H au dimanche 21 septembre 2025 17H \u00e0 Quimper<\/strong><br>Autog\u00e9r\u00e9 tantra th\u00e8me &#8220;massage tantrique et pleine pr\u00e9sence&#8221;<\/mark><\/td><\/tr><tr><td><mark style=\"background-color:rgba(0, 0, 0, 0)\" class=\"has-inline-color has-medium-gray-color\"><strong>Le dimanche 17 aout 2025 de 9H30\u00e0 19H \u00e0 Plovan (29)<\/strong><br>Autog\u00e9r\u00e9 tantra avanc\u00e9<\/mark><\/td><\/tr><tr><td><mark style=\"background-color:rgba(0, 0, 0, 0)\" class=\"has-inline-color has-medium-gray-color\"><strong>Du 12 juillet 2025 19H au 13 juillet 17H \u00e0 Quimper (29)<\/strong><br>Autog\u00e9r\u00e9 tantra Th\u00e8me : respiration<\/mark><\/td><\/tr><tr><td><mark style=\"background-color:rgba(0, 0, 0, 0)\" class=\"has-inline-color has-medium-gray-color\"><strong>Dimanche 15 juin 2025 de 9H30 \u00e0 19H<\/strong> <strong>\u00e0 Plovan(29)<\/strong><br>Autog\u00e9r\u00e9 tantra<\/mark><\/td><\/tr><tr><td><mark style=\"background-color:rgba(0, 0, 0, 0)\" class=\"has-inline-color has-medium-gray-color\"><strong>Dimanche 18 mai 2025 de 9H30 \u00e0 19H<\/strong> <strong>\u00e0 Plovan (29)<\/strong><br>Autog\u00e9r\u00e9 Tantra<\/mark><\/td><\/tr><\/tbody><\/table><\/figure>\n\n\n\n<p><a href=\"https:\/\/framaforms.org\/contacter-lassociation-1710261735\" data-type=\"link\" data-id=\"https:\/\/framaforms.org\/contacter-lassociation-1710261735\">Contacter l&#8217;association<\/a><\/p>\n\n\n\n<p><\/p>\n","protected":false},"excerpt":{"rendered":"<p>samedi 18 et dimanche 19 avril 2026 Journ\u00e9es d&#8217;initiation au tantra niveau 3 et 4Du samedi 18 avril 9h30 au dimanche 19 avril 2026 de 18H30 \u00e0 QuimperDemande de formulaire d&#8217;inscriptionInformation sur les journ\u00e9es d&#8217;initiation au tantra Du samedi 23 au lundi 25 mai 2026 Du samedi 23 mai 2026 18H au lundi 25 mai &hellip; <a href=\"https:\/\/tantra-allegria.fr\/\" class=\"more-link\">Continue reading<span class=\"screen-reader-text\"> &#8220;Planning des activit\u00e9s&#8221;<\/span><\/a><\/p>\n","protected":false},"author":1,"featured_media":0,"parent":0,"menu_order":0,"comment_status":"closed","ping_status":"closed","template":"","meta":{"footnotes":""},"class_list":["post-10","page","type-page","status-publish","hentry"],"_links":{"self":[{"href":"https:\/\/tantra-allegria.fr\/index.php\/wp-json\/wp\/v2\/pages\/10","targetHints":{"allow":["GET"]}}],"collection":[{"href":"https:\/\/tantra-allegria.fr\/index.php\/wp-json\/wp\/v2\/pages"}],"about":[{"href":"https:\/\/tantra-allegria.fr\/index.php\/wp-json\/wp\/v2\/types\/page"}],"author":[{"embeddable":true,"href":"https:\/\/tantra-allegria.fr\/index.php\/wp-json\/wp\/v2\/users\/1"}],"replies":[{"embeddable":true,"href":"https:\/\/tantra-allegria.fr\/index.php\/wp-json\/wp\/v2\/comments?post=10"}],"version-history":[{"count":180,"href":"https:\/\/tantra-allegria.fr\/index.php\/wp-json\/wp\/v2\/pages\/10\/revisions"}],"predecessor-version":[{"id":365,"href":"https:\/\/tantra-allegria.fr\/index.php\/wp-json\/wp\/v2\/pages\/10\/revisions\/365"}],"wp:attachment":[{"href":"https:\/\/tantra-allegria.fr\/index.php\/wp-json\/wp\/v2\/media?parent=10"}],"curies":[{"name":"wp","href":"https:\/\/api.w.org\/{rel}","templated":true}]}}